{"id":6121,"date":"2021-06-11T12:18:25","date_gmt":"2021-06-11T10:18:25","guid":{"rendered":"https:\/\/relaiscoccigrifoni.it\/termini-e-condizioni\/"},"modified":"2025-02-03T13:48:37","modified_gmt":"2025-02-03T12:48:37","slug":"allgemeine-geschaeftsbedingungen","status":"publish","type":"page","link":"https:\/\/relaiscoccigrifoni.it\/de\/allgemeine-geschaeftsbedingungen\/","title":{"rendered":"Allgemeine Gesch\u00e4ftsbedingungen"},"content":{"rendered":"\t\t<div data-elementor-type=\"wp-page\" data-elementor-id=\"6121\" class=\"elementor elementor-6121 elementor-1016\">\n\t\t\t\t\t\t<section class=\"elementor-section elementor-top-section elementor-element elementor-element-4ce9933 elementor-section-height-min-height elementor-section-full_width elementor-section-stretched elementor-section-height-default elementor-section-items-middle\" data-id=\"4ce9933\" data-element_type=\"section\" data-e-type=\"section\" data-settings=\"{&quot;background_background&quot;:&quot;classic&quot;,&quot;stretch_section&quot;:&quot;section-stretched&quot;}\">\n\t\t\t\t\t\t<div class=\"elementor-container elementor-column-gap-default\">\n\t\t\t\t\t<div class=\"elementor-column elementor-col-100 elementor-top-column elementor-element elementor-element-c6c515b\" data-id=\"c6c515b\" data-element_type=\"column\" data-e-type=\"column\">\n\t\t\t<div class=\"elementor-widget-wrap\">\n\t\t\t\t\t\t\t<\/div>\n\t\t<\/div>\n\t\t\t\t\t<\/div>\n\t\t<\/section>\n\t\t\t\t<section class=\"elementor-section elementor-top-section elementor-element elementor-element-53ef65be elementor-section-boxed elementor-section-height-default elementor-section-height-default\" data-id=\"53ef65be\" data-element_type=\"section\" data-e-type=\"section\">\n\t\t\t\t\t\t<div class=\"elementor-container elementor-column-gap-default\">\n\t\t\t\t\t<div class=\"elementor-column elementor-col-100 elementor-top-column elementor-element elementor-element-6830efc0\" data-id=\"6830efc0\" data-element_type=\"column\" data-e-type=\"column\">\n\t\t\t<div class=\"elementor-widget-wrap elementor-element-populated\">\n\t\t\t\t\t\t<div class=\"elementor-element elementor-element-110e4d91 elementor-widget elementor-widget-text-editor\" data-id=\"110e4d91\" data-element_type=\"widget\" data-e-type=\"widget\" data-widget_type=\"text-editor.default\">\n\t\t\t\t<div class=\"elementor-widget-container\">\n\t\t\t\t\t\t\t\t\t<h1>Allgemeine Gesch\u00e4ftsbedingungen<\/h1><p><strong>Akzeptanz des Reglements<\/strong><br \/>Die Buchung einer Unterkunft im Relais Cocci Grifoni setzt die Annahme des vorliegenden Reglements voraus. Die Person, die die Reservierung vornimmt, ist pers\u00f6nlich daf\u00fcr verantwortlich, auch f\u00fcr die Personen, die ihn\/sie begleiten.<\/p><p><strong>Preise<\/strong><br \/>Die Preise sind in Euro ausgedr\u00fcckt und gelten f\u00fcr die gebuchte Unterkunft und f\u00fcr den gew\u00fcnschten Zeitraum.<\/p><p>Der vereinbarte Preis beinhaltet den Verbrauch (Strom, Wasser, Handt\u00fccher und Bettw\u00e4sche) und gegebenenfalls die angegebenen Mahlzeiten (Fr\u00fchst\u00fcck). Wir behalten uns das Recht vor, die ver\u00f6ffentlichten Preise f\u00fcr unsere Unterk\u00fcnfte jederzeit und ohne vorherige Ank\u00fcndigung zu \u00e4ndern. Der zum Zeitpunkt der Buchung vereinbarte Preis (ohne jegliche Extras) wird jedoch unter keinen Umst\u00e4nden ge\u00e4ndert.<\/p><p><strong>Buchung &amp; Anzahlung<\/strong><br \/>Sie k\u00f6nnen Ihre Reservierung online \u00fcber das Buchungssystem auf der Website unseres Unternehmens vornehmen.<br \/>Um Ihre Buchung zu best\u00e4tigen, m\u00fcssen Sie Ihre Daten, eine Telefonnummer, eine E-Mail-Adresse, den Zeitraum Ihres Aufenthalts, die Anzahl der Personen und die Daten einer g\u00fcltigen Kreditkarte angeben, die als Garantie f\u00fcr Ihre Buchung gem\u00e4\u00df unserer Stornierungsbedingungen verwendet wird. Relais Cocci Grifoni beh\u00e4lt sich das Recht auf Vorautorisierung vor. Die Stornierungs- und Vorauszahlungsbedingungen variieren je nach Art der Unterkunft. Bitte pr\u00fcfen Sie vor der Auswahl einer Option, welche Bedingungen gelten.<\/p><p>Der Restbetrag der Reservierung muss am Ende der kostenlosen Stornierungsfrist per Bank\u00fcberweisung oder durch Belastung der Kreditkarte des Reservierenden bezahlt werden. Bei Buchungen ohne Kreditkarte als Garantie oder bei einer Anzahl von drei oder mehr Zimmern ist eine nicht erstattungsf\u00e4hige Anzahlung von 30 % des Buchungsbetrags zu leisten.<\/p><p>N.B. Im Falle einer Bank\u00fcberweisung hat der Gast einen Arbeitstag Zeit, um die Anzahlung zu leisten, w\u00e4hrend der Restbetrag bis zum zehnten Tag vor der Ankunft auf unserem Konto eingegangen sein muss. (z.B. Ankunft am 15. Januar, die \u00dcberweisung muss am 5. Januar auf unserem Konto eingegangen sein).<\/p><p>Im Falle eines nicht erstattungsf\u00e4higen Tarifs muss der gesamte Betrag im Voraus per Kreditkarte bezahlt werden. Bei Nichteinhaltung der oben genannten Fristen wird die Reservierung automatisch storniert und die Unterkunft wird f\u00fcr neue Anfragen zur Verf\u00fcgung gestellt.Wenn Sie Zweifel an der Nutzung des Online-Buchungssystems haben, k\u00f6nnen Sie per E-Mail an info@relaiscoccigrifoni.it Kostenvoranschl\u00e4ge und Informationen anfordern.<\/p><p><strong>Sanktionen bei StornierungF\u00fcr<br \/><\/strong> Reservierungen, die innerhalb der kostenlosen Stornierungsfrist storniert werden, fallen keine Geb\u00fchren an, und eine eventuelle Vorautorisierung wird r\u00fcckg\u00e4ngig gemacht.<\/p><p>Bei Stornierungen nach dieser Frist wird der volle Buchungsbetrag in Rechnung gestellt.Bei einer vorzeitigen Abreise wird der volle vereinbarte Buchungsbetrag einbehalten.Im Falle eines erm\u00e4\u00dfigten, nicht erstattungsf\u00e4higen Tarifs wird in keinem Fall ein Betrag zur\u00fcckerstattet.<br \/>Reservierungen m\u00fcssen schriftlich ge\u00e4ndert oder storniert werden, sofern sie innerhalb der vereinbarten Fristen liegen, und zwar per E-Mail an info@relaiscoccigrifoni.it und m\u00fcssen vom Relais Cocci Grifoni schriftlich best\u00e4tigt werden.<\/p><p><strong>Nichtverf\u00fcgbarkeit der Unterkunft<\/strong><br \/>Sollte die gebuchte Unterkunft aufgrund h\u00f6herer Gewalt nicht zur Verf\u00fcgung stehen, beh\u00e4lt sich das Relais Cocci Grifoni das Recht vor, eine andere Unterkunft mit \u00e4hnlichen oder besseren Eigenschaften zum gleichen Preis zuzuweisen oder in extremen F\u00e4llen die Buchung zu stornieren, wobei dem Gast der gezahlte Betrag zur\u00fcckerstattet wird, ohne dass dieser weitere Anspr\u00fcche auf Entsch\u00e4digung jeglicher Art stellen kann. Bitte beachten Sie, dass \u00fcber den gezahlten Betrag hinaus keine weiteren Erstattungen oder Entsch\u00e4digungen geleistet werden, so dass keine Anspr\u00fcche geltend gemacht werden k\u00f6nnen.Ankunft &#8211; Restbetrag &#8211; KautionAm Anreisetag kann die Unterkunft von 14:00 bis 18:00 Uhr \u00fcbernommen werden.Bei der Ankunft m\u00fcssen die G\u00e4ste einen g\u00fcltigen Ausweis vorlegen. Werden keine g\u00fcltigen Dokumente vorgelegt, wird die Buchung storniert und der gesamte gezahlte Betrag einbehalten.<\/p><p>Folgende Zahlungsmittel werden vor Ort f\u00fcr alle optionalen Leistungen akzeptiert:- Bargeld,<br \/>\u2022 Kreditkarten (Visa, Mastercard, Carta S\u00ec, Bancomat)<\/p><p><strong>Abreise<\/strong><br \/>Am Abreisetag sind die G\u00e4ste verpflichtet, die bewohnte(n) Unterkunft(en) bis 12.00 Uhr zu verlassen, sofern nichts anderes vereinbart wurde. F\u00fcr Sch\u00e4den am Haus, an der Einrichtung oder am Mobiliar ist Ersatz zu leisten.<\/p><p><strong>HaustiereKleine<\/strong><br \/>Tiere sind erlaubt, aber nicht f\u00fcr die gesamte Anlage. Wir haben 2 Unterk\u00fcnfte zur Verf\u00fcgung.Die Anwesenheit des Tieres muss vor der Buchung mitgeteilt werden. Die Kosten f\u00fcr das Tier pro Tag betragen 30 \u20ac. Wenn die Anwesenheit nicht mitgeteilt wird, beh\u00e4lt sich Relais Cocci Grifoni das Recht vor, die Unannehmlichkeiten mit \u20ac 100\/Tag in Rechnung zu stellen.<\/p><p><strong>Regeln w\u00e4hrend Ihres Aufenthalts<\/strong><br \/>Bitte \u00fcberpr\u00fcfen Sie die Effizienz Ihrer Unterkunft und teilen Sie uns eventuelle Unregelm\u00e4\u00dfigkeiten oder M\u00e4ngel sp\u00e4testens 24 Stunden nach Ihrer Ankunft mit. Es ist strengstens untersagt, die Schl\u00fcssel zu kopieren: Unbefugtes Betreten ist eine schwere Straftat, die strafrechtlich geahndet wird. Bei Verlust der Schl\u00fcssel wird eine Erstattung von 100,00 \u20ac f\u00fcr den entstandenen Schaden gew\u00e4hrt. Es ist verboten, mehr als die maximal zul\u00e4ssige Anzahl von Personen im Haus unterzubringen. Es ist verboten, Fremde aufzunehmen, ohne den Verwalter vorher zu informieren und dessen ausdr\u00fcckliche Zustimmung einzuholen. Alle Unterk\u00fcnfte werden sauber und in funktionst\u00fcchtigem Zustand \u00fcbergeben.<\/p><p><strong>Bar und Pool<\/strong><br \/>Wir bitten unsere G\u00e4ste, am Pool keine Getr\u00e4nke und Snacks zu konsumieren, die nicht vom Personal des Relais Cocci Grifoni angeboten werden.<\/p>\t\t\t\t\t\t\t\t<\/div>\n\t\t\t\t<\/div>\n\t\t\t\t\t<\/div>\n\t\t<\/div>\n\t\t\t\t\t<\/div>\n\t\t<\/section>\n\t\t\t\t<\/div>\n\t\t","protected":false},"excerpt":{"rendered":"<p>Allgemeine Gesch\u00e4ftsbedingungen Akzeptanz des Reglements Die Buchung einer Unterkunft im Relais Cocci Grifoni setzt die Annahme des vorliegenden Reglements voraus. Die Person, die die Reservierung vornimmt, ist pers\u00f6nlich daf\u00fcr verantwortlich, auch f\u00fcr die Personen, die ihn\/sie begleiten. Preise Die Preise sind in Euro ausgedr\u00fcckt und gelten f\u00fcr die gebuchte Unterkunft und f\u00fcr den gew\u00fcnschten Zeitraum. [&hellip;]<\/p>\n","protected":false},"author":6,"featured_media":0,"parent":0,"menu_order":20,"comment_status":"closed","ping_status":"closed","template":"","meta":{"site-sidebar-layout":"no-sidebar","site-content-layout":"plain-container","ast-site-content-layout":"default","site-content-style":"default","site-sidebar-style":"default","ast-global-header-display":"","ast-banner-title-visibility":"","ast-main-header-display":"","ast-hfb-above-header-display":"","ast-hfb-below-header-display":"","ast-hfb-mobile-header-display":"","site-post-title":"disabled","ast-breadcrumbs-content":"","ast-featured-img":"disabled","footer-sml-layout":"","ast-disable-related-posts":"","theme-transparent-header-meta":"default","adv-header-id-meta":"","stick-header-meta":"default","header-above-stick-meta":"","header-main-stick-meta":"","header-below-stick-meta":"","astra-migrate-meta-layouts":"set","ast-page-background-enabled":"default","ast-page-background-meta":{"desktop":{"background-color":"","background-image":"","background-repeat":"repeat","background-position":"center center","background-size":"auto","background-attachment":"scroll","background-type":"","background-media":"","overlay-type":"","overlay-color":"","overlay-opacity":"","overlay-gradient":""},"tablet":{"background-color":"","background-image":"","background-repeat":"repeat","background-position":"center center","background-size":"auto","background-attachment":"scroll","background-type":"","background-media":"","overlay-type":"","overlay-color":"","overlay-opacity":"","overlay-gradient":""},"mobile":{"background-color":"","background-image":"","background-repeat":"repeat","background-position":"center center","background-size":"auto","background-attachment":"scroll","background-type":"","background-media":"","overlay-type":"","overlay-color":"","overlay-opacity":"","overlay-gradient":""}},"ast-content-background-meta":{"desktop":{"background-color":"var(--ast-global-color-5)","background-image":"","background-repeat":"repeat","background-position":"center center","background-size":"auto","background-attachment":"scroll","background-type":"","background-media":"","overlay-type":"","overlay-color":"","overlay-opacity":"","overlay-gradient":""},"tablet":{"background-color":"var(--ast-global-color-5)","background-image":"","background-repeat":"repeat","background-position":"center center","background-size":"auto","background-attachment":"scroll","background-type":"","background-media":"","overlay-type":"","overlay-color":"","overlay-opacity":"","overlay-gradient":""},"mobile":{"background-color":"var(--ast-global-color-5)","background-image":"","background-repeat":"repeat","background-position":"center center","background-size":"auto","background-attachment":"scroll","background-type":"","background-media":"","overlay-type":"","overlay-color":"","overlay-opacity":"","overlay-gradient":""}},"footnotes":""},"class_list":["post-6121","page","type-page","status-publish","hentry"],"yoast_head":"<!-- This site is optimized with the Yoast SEO plugin v27.4 - https:\/\/yoast.com\/product\/yoast-seo-wordpress\/ -->\n<title>Allgemeine Gesch\u00e4ftsbedingungen - Relais Cocci Grifoni<\/title>\n<meta name=\"robots\" content=\"noindex, follow\" \/>\n<meta property=\"og:locale\" content=\"de_DE\" \/>\n<meta property=\"og:type\" content=\"article\" \/>\n<meta property=\"og:title\" content=\"Allgemeine Gesch\u00e4ftsbedingungen - Relais Cocci Grifoni\" \/>\n<meta property=\"og:description\" content=\"Allgemeine Gesch\u00e4ftsbedingungen Akzeptanz des Reglements Die Buchung einer Unterkunft im Relais Cocci Grifoni setzt die Annahme des vorliegenden Reglements voraus. Die Person, die die Reservierung vornimmt, ist pers\u00f6nlich daf\u00fcr verantwortlich, auch f\u00fcr die Personen, die ihn\/sie begleiten. Preise Die Preise sind in Euro ausgedr\u00fcckt und gelten f\u00fcr die gebuchte Unterkunft und f\u00fcr den gew\u00fcnschten Zeitraum. [&hellip;]\" \/>\n<meta property=\"og:url\" content=\"https:\/\/relaiscoccigrifoni.it\/de\/allgemeine-geschaeftsbedingungen\/\" \/>\n<meta property=\"og:site_name\" content=\"Relais Cocci Grifoni\" \/>\n<meta property=\"article:publisher\" content=\"https:\/\/www.facebook.com\/tenutacoccigrifonipage\/\" \/>\n<meta property=\"article:modified_time\" content=\"2025-02-03T12:48:37+00:00\" \/>\n<meta name=\"twitter:card\" content=\"summary_large_image\" \/>\n<meta name=\"twitter:label1\" content=\"Gesch\u00e4tzte Lesezeit\" \/>\n\t<meta name=\"twitter:data1\" content=\"5\u00a0Minuten\" \/>\n<script type=\"application\/ld+json\" class=\"yoast-schema-graph\">{\"@context\":\"https:\\\/\\\/schema.org\",\"@graph\":[{\"@type\":\"WebPage\",\"@id\":\"https:\\\/\\\/relaiscoccigrifoni.it\\\/de\\\/allgemeine-geschaeftsbedingungen\\\/\",\"url\":\"https:\\\/\\\/relaiscoccigrifoni.it\\\/de\\\/allgemeine-geschaeftsbedingungen\\\/\",\"name\":\"Allgemeine Gesch\u00e4ftsbedingungen - Relais Cocci Grifoni\",\"isPartOf\":{\"@id\":\"https:\\\/\\\/relaiscoccigrifoni.it\\\/#website\"},\"datePublished\":\"2021-06-11T10:18:25+00:00\",\"dateModified\":\"2025-02-03T12:48:37+00:00\",\"breadcrumb\":{\"@id\":\"https:\\\/\\\/relaiscoccigrifoni.it\\\/de\\\/allgemeine-geschaeftsbedingungen\\\/#breadcrumb\"},\"inLanguage\":\"de\",\"potentialAction\":[{\"@type\":\"ReadAction\",\"target\":[\"https:\\\/\\\/relaiscoccigrifoni.it\\\/de\\\/allgemeine-geschaeftsbedingungen\\\/\"]}]},{\"@type\":\"BreadcrumbList\",\"@id\":\"https:\\\/\\\/relaiscoccigrifoni.it\\\/de\\\/allgemeine-geschaeftsbedingungen\\\/#breadcrumb\",\"itemListElement\":[{\"@type\":\"ListItem\",\"position\":1,\"name\":\"Home\",\"item\":\"https:\\\/\\\/relaiscoccigrifoni.it\\\/de\\\/\"},{\"@type\":\"ListItem\",\"position\":2,\"name\":\"Allgemeine Gesch\u00e4ftsbedingungen\"}]},{\"@type\":\"WebSite\",\"@id\":\"https:\\\/\\\/relaiscoccigrifoni.it\\\/#website\",\"url\":\"https:\\\/\\\/relaiscoccigrifoni.it\\\/\",\"name\":\"Relais Cocci Grifoni\",\"description\":\"Vivere in un tempo sospeso\",\"publisher\":{\"@id\":\"https:\\\/\\\/relaiscoccigrifoni.it\\\/#organization\"},\"potentialAction\":[{\"@type\":\"SearchAction\",\"target\":{\"@type\":\"EntryPoint\",\"urlTemplate\":\"https:\\\/\\\/relaiscoccigrifoni.it\\\/?s={search_term_string}\"},\"query-input\":{\"@type\":\"PropertyValueSpecification\",\"valueRequired\":true,\"valueName\":\"search_term_string\"}}],\"inLanguage\":\"de\"},{\"@type\":\"Organization\",\"@id\":\"https:\\\/\\\/relaiscoccigrifoni.it\\\/#organization\",\"name\":\"Relais Cocci Grifoni\",\"url\":\"https:\\\/\\\/relaiscoccigrifoni.it\\\/\",\"logo\":{\"@type\":\"ImageObject\",\"inLanguage\":\"de\",\"@id\":\"https:\\\/\\\/relaiscoccigrifoni.it\\\/#\\\/schema\\\/logo\\\/image\\\/\",\"url\":\"https:\\\/\\\/relaiscoccigrifoni.it\\\/wp-content\\\/uploads\\\/2023\\\/11\\\/Logo_Relais_23_D.svg\",\"contentUrl\":\"https:\\\/\\\/relaiscoccigrifoni.it\\\/wp-content\\\/uploads\\\/2023\\\/11\\\/Logo_Relais_23_D.svg\",\"width\":332,\"height\":142,\"caption\":\"Relais Cocci Grifoni\"},\"image\":{\"@id\":\"https:\\\/\\\/relaiscoccigrifoni.it\\\/#\\\/schema\\\/logo\\\/image\\\/\"},\"sameAs\":[\"https:\\\/\\\/www.facebook.com\\\/tenutacoccigrifonipage\\\/\",\"https:\\\/\\\/www.instagram.com\\\/relaiscoccigrifoni\\\/\",\"https:\\\/\\\/www.linkedin.com\\\/company\\\/tenuta-cocci-grifoni\\\/\",\"https:\\\/\\\/www.youtube.com\\\/channel\\\/UCX1hPDvWuMpD99by0yzPBLQ\"]}]}<\/script>\n<!-- \/ Yoast SEO plugin. -->","yoast_head_json":{"title":"Allgemeine Gesch\u00e4ftsbedingungen - Relais Cocci Grifoni","robots":{"index":"noindex","follow":"follow"},"og_locale":"de_DE","og_type":"article","og_title":"Allgemeine Gesch\u00e4ftsbedingungen - Relais Cocci Grifoni","og_description":"Allgemeine Gesch\u00e4ftsbedingungen Akzeptanz des Reglements Die Buchung einer Unterkunft im Relais Cocci Grifoni setzt die Annahme des vorliegenden Reglements voraus. Die Person, die die Reservierung vornimmt, ist pers\u00f6nlich daf\u00fcr verantwortlich, auch f\u00fcr die Personen, die ihn\/sie begleiten. Preise Die Preise sind in Euro ausgedr\u00fcckt und gelten f\u00fcr die gebuchte Unterkunft und f\u00fcr den gew\u00fcnschten Zeitraum. [&hellip;]","og_url":"https:\/\/relaiscoccigrifoni.it\/de\/allgemeine-geschaeftsbedingungen\/","og_site_name":"Relais Cocci Grifoni","article_publisher":"https:\/\/www.facebook.com\/tenutacoccigrifonipage\/","article_modified_time":"2025-02-03T12:48:37+00:00","twitter_card":"summary_large_image","twitter_misc":{"Gesch\u00e4tzte Lesezeit":"5\u00a0Minuten"},"schema":{"@context":"https:\/\/schema.org","@graph":[{"@type":"WebPage","@id":"https:\/\/relaiscoccigrifoni.it\/de\/allgemeine-geschaeftsbedingungen\/","url":"https:\/\/relaiscoccigrifoni.it\/de\/allgemeine-geschaeftsbedingungen\/","name":"Allgemeine Gesch\u00e4ftsbedingungen - Relais Cocci Grifoni","isPartOf":{"@id":"https:\/\/relaiscoccigrifoni.it\/#website"},"datePublished":"2021-06-11T10:18:25+00:00","dateModified":"2025-02-03T12:48:37+00:00","breadcrumb":{"@id":"https:\/\/relaiscoccigrifoni.it\/de\/allgemeine-geschaeftsbedingungen\/#breadcrumb"},"inLanguage":"de","potentialAction":[{"@type":"ReadAction","target":["https:\/\/relaiscoccigrifoni.it\/de\/allgemeine-geschaeftsbedingungen\/"]}]},{"@type":"BreadcrumbList","@id":"https:\/\/relaiscoccigrifoni.it\/de\/allgemeine-geschaeftsbedingungen\/#breadcrumb","itemListElement":[{"@type":"ListItem","position":1,"name":"Home","item":"https:\/\/relaiscoccigrifoni.it\/de\/"},{"@type":"ListItem","position":2,"name":"Allgemeine Gesch\u00e4ftsbedingungen"}]},{"@type":"WebSite","@id":"https:\/\/relaiscoccigrifoni.it\/#website","url":"https:\/\/relaiscoccigrifoni.it\/","name":"Relais Cocci Grifoni","description":"Vivere in un tempo sospeso","publisher":{"@id":"https:\/\/relaiscoccigrifoni.it\/#organization"},"potentialAction":[{"@type":"SearchAction","target":{"@type":"EntryPoint","urlTemplate":"https:\/\/relaiscoccigrifoni.it\/?s={search_term_string}"},"query-input":{"@type":"PropertyValueSpecification","valueRequired":true,"valueName":"search_term_string"}}],"inLanguage":"de"},{"@type":"Organization","@id":"https:\/\/relaiscoccigrifoni.it\/#organization","name":"Relais Cocci Grifoni","url":"https:\/\/relaiscoccigrifoni.it\/","logo":{"@type":"ImageObject","inLanguage":"de","@id":"https:\/\/relaiscoccigrifoni.it\/#\/schema\/logo\/image\/","url":"https:\/\/relaiscoccigrifoni.it\/wp-content\/uploads\/2023\/11\/Logo_Relais_23_D.svg","contentUrl":"https:\/\/relaiscoccigrifoni.it\/wp-content\/uploads\/2023\/11\/Logo_Relais_23_D.svg","width":332,"height":142,"caption":"Relais Cocci Grifoni"},"image":{"@id":"https:\/\/relaiscoccigrifoni.it\/#\/schema\/logo\/image\/"},"sameAs":["https:\/\/www.facebook.com\/tenutacoccigrifonipage\/","https:\/\/www.instagram.com\/relaiscoccigrifoni\/","https:\/\/www.linkedin.com\/company\/tenuta-cocci-grifoni\/","https:\/\/www.youtube.com\/channel\/UCX1hPDvWuMpD99by0yzPBLQ"]}]}},"_links":{"self":[{"href":"https:\/\/relaiscoccigrifoni.it\/de\/wp-json\/wp\/v2\/pages\/6121","targetHints":{"allow":["GET"]}}],"collection":[{"href":"https:\/\/relaiscoccigrifoni.it\/de\/wp-json\/wp\/v2\/pages"}],"about":[{"href":"https:\/\/relaiscoccigrifoni.it\/de\/wp-json\/wp\/v2\/types\/page"}],"author":[{"embeddable":true,"href":"https:\/\/relaiscoccigrifoni.it\/de\/wp-json\/wp\/v2\/users\/6"}],"replies":[{"embeddable":true,"href":"https:\/\/relaiscoccigrifoni.it\/de\/wp-json\/wp\/v2\/comments?post=6121"}],"version-history":[{"count":20,"href":"https:\/\/relaiscoccigrifoni.it\/de\/wp-json\/wp\/v2\/pages\/6121\/revisions"}],"predecessor-version":[{"id":7457,"href":"https:\/\/relaiscoccigrifoni.it\/de\/wp-json\/wp\/v2\/pages\/6121\/revisions\/7457"}],"wp:attachment":[{"href":"https:\/\/relaiscoccigrifoni.it\/de\/wp-json\/wp\/v2\/media?parent=6121"}],"curies":[{"name":"wp","href":"https:\/\/api.w.org\/{rel}","templated":true}]}}